{"id":10,"date":"2012-06-18T13:00:20","date_gmt":"2012-06-18T13:00:20","guid":{"rendered":"http:\/\/apie.com.ar\/?page_id=10"},"modified":"2024-11-29T19:38:10","modified_gmt":"2024-11-29T19:38:10","slug":"autoridades","status":"publish","type":"page","link":"http:\/\/apie.com.ar\/?page_id=10","title":{"rendered":"Autoridades 2024 &#8211; 2026"},"content":{"rendered":"<p><strong>Autoridades<\/strong><\/p>\n<p><strong>Per\u00edodo: Ejercicios N\u00ba 72 y N\u00ba 73 (2.024-2.026)<\/strong><\/p>\n<p><strong>COMISI\u00d3N DIRECTIVA<\/strong><\/p>\n<p><strong>Presidente:<\/strong>\u00a0Ing. Juan Benjam\u00edn P\u00e1ez N\u00fa\u00f1ez<\/p>\n<p><strong>Vicepresidente:<\/strong>\u00a0Ing. Alejandro C\u00e9sar Cabanillas<\/p>\n<p><strong>Secretaria:<\/strong>\u00a0Ing. B\u00e1rbara L. Franco<\/p>\n<p><strong>Tesorera:<\/strong>\u00a0Ing. Gabriela Andrea Gelada<\/p>\n<p><strong>Vocal Titular:<\/strong>\u00a0Ing. H\u00e9ctor Alfredo Malano<\/p>\n<p><strong>Vocal Titular:<\/strong>\u00a0T\u00e9cn. Univ. Jorge Marcelo Hern\u00e1ndez<\/p>\n<p><strong>Vocal Titular:<\/strong>\u00a0\u00a0Lic. Agust\u00edn Daniel Treggia<\/p>\n<p><strong>Vocal Suplente:<\/strong>\u00a0Ing. Guillermo Jos\u00e9 Garrido<\/p>\n<p><strong>COMISI\u00d3N REVISORA DE CUENTAS<\/strong><\/p>\n<p><strong>Revisor de Cuentas Titular:<\/strong>\u00a0Dr. Edgardo Venusto Bonzi<\/p>\n<p><strong>Revisor de Cuentas Suplente:<\/strong>\u00a0Ing. Ernesto Fabi\u00e1n Peralta<\/p>\n<p><strong>TRIBUNAL DE DISCIPLINA<\/strong><\/p>\n<p><strong>Titular:<\/strong>\u00a0Ing. H\u00e9ctor Ra\u00fal Zanoni<\/p>\n<p><strong>Titular:<\/strong>\u00a0Ing. Carlos Roberto Bellitti<\/p>\n<p><strong>Titular:<\/strong>\u00a0Ing. Hugo Daniel Picola<\/p>\n","protected":false},"excerpt":{"rendered":"<p>Autoridades Per\u00edodo: Ejercicios N\u00ba 72 y N\u00ba 73 (2.024-2.026) COMISI\u00d3N DIRECTIVA Presidente:\u00a0Ing. Juan Benjam\u00edn P\u00e1ez N\u00fa\u00f1ez Vicepresidente:\u00a0Ing. Alejandro C\u00e9sar Cabanillas Secretaria:\u00a0Ing. B\u00e1rbara L. Franco Tesorera:\u00a0Ing. Gabriela Andrea Gelada Vocal Titular:\u00a0Ing. H\u00e9ctor Alfredo Malano Vocal Titular:\u00a0T\u00e9cn. Univ. Jorge Marcelo Hern\u00e1ndez Vocal Titular:\u00a0\u00a0Lic. Agust\u00edn Daniel Treggia Vocal Suplente:\u00a0Ing. Guillermo Jos\u00e9 Garrido COMISI\u00d3N REVISORA DE CUENTAS Revisor de [&hellip;]<\/p>\n","protected":false},"author":2,"featured_media":0,"parent":0,"menu_order":2,"comment_status":"closed","ping_status":"closed","template":"page-full-width.php","meta":{"footnotes":""},"_links":{"self":[{"href":"http:\/\/apie.com.ar\/index.php?rest_route=\/wp\/v2\/pages\/10"}],"collection":[{"href":"http:\/\/apie.com.ar\/index.php?rest_route=\/wp\/v2\/pages"}],"about":[{"href":"http:\/\/apie.com.ar\/index.php?rest_route=\/wp\/v2\/types\/page"}],"author":[{"embeddable":true,"href":"http:\/\/apie.com.ar\/index.php?rest_route=\/wp\/v2\/users\/2"}],"replies":[{"embeddable":true,"href":"http:\/\/apie.com.ar\/index.php?rest_route=%2Fwp%2Fv2%2Fcomments&post=10"}],"version-history":[{"count":12,"href":"http:\/\/apie.com.ar\/index.php?rest_route=\/wp\/v2\/pages\/10\/revisions"}],"predecessor-version":[{"id":1068,"href":"http:\/\/apie.com.ar\/index.php?rest_route=\/wp\/v2\/pages\/10\/revisions\/1068"}],"wp:attachment":[{"href":"http:\/\/apie.com.ar\/index.php?rest_route=%2Fwp%2Fv2%2Fmedia&parent=10"}],"curies":[{"name":"wp","href":"https:\/\/api.w.org\/{rel}","templated":true}]}}